{"id":709,"date":"2025-10-28T18:10:56","date_gmt":"2025-10-28T18:10:56","guid":{"rendered":"https:\/\/ftmtechnologies.com\/blog\/"},"modified":"2025-11-13T11:51:43","modified_gmt":"2025-11-13T11:51:43","slug":"blog","status":"publish","type":"page","link":"https:\/\/ftmtechnologies.com\/en\/blog\/","title":{"rendered":"Blog"},"content":{"rendered":"\t\t<div data-elementor-type=\"wp-page\" data-elementor-id=\"709\" class=\"elementor elementor-709 elementor-574\" data-elementor-post-type=\"page\">\n\t\t\t\t<div class=\"elementor-element elementor-element-56f9f05 e-flex e-con-boxed e-con e-parent\" data-id=\"56f9f05\" data-element_type=\"container\" data-e-type=\"container\" data-settings=\"{&quot;background_background&quot;:&quot;classic&quot;}\">\n\t\t\t\t\t<div class=\"e-con-inner\">\n\t\t\t\t<div class=\"elementor-element elementor-element-7b99902 elementor-widget__width-initial elementor-widget elementor-widget-heading\" data-id=\"7b99902\" data-element_type=\"widget\" data-e-type=\"widget\" data-widget_type=\"heading.default\">\n\t\t\t\t\t<h1 class=\"elementor-heading-title elementor-size-default\">BLOG<\/h1>\t\t\t\t<\/div>\n\t\t\t\t\t<\/div>\n\t\t\t\t<\/div>\n\t\t<div class=\"elementor-element elementor-element-775f7ed e-flex e-con-boxed e-con e-parent\" data-id=\"775f7ed\" data-element_type=\"container\" data-e-type=\"container\" data-settings=\"{&quot;background_background&quot;:&quot;classic&quot;}\">\n\t\t\t\t\t<div class=\"e-con-inner\">\n\t\t\t\t<div class=\"elementor-element elementor-element-76bf47f elementor-widget elementor-widget-hfe-basic-posts\" data-id=\"76bf47f\" data-element_type=\"widget\" data-e-type=\"widget\" data-widget_type=\"hfe-basic-posts.default\">\n\t\t\t\t<div class=\"elementor-widget-container\">\n\t\t\t\t\t\n<div class=\"hfe-posts-grid\">\n\t\t\t<article class=\"hfe-post-card\">\n\t\t\t\t\t\t\t<div class=\"hfe-post-image\">\n\t\t\t\t\t<a href=\"https:\/\/ftmtechnologies.com\/en\/blog\/fuel-cell-performance-test-bench\/\" rel=\"bookmark\">\n\t\t\t\t\t\t<img loading=\"lazy\" decoding=\"async\" width=\"300\" height=\"169\" src=\"https:\/\/ftmtechnologies.com\/wp-content\/uploads\/2026\/02\/rendimiento-pilas-combustible-300x169.jpg\" class=\"attachment-medium size-medium wp-post-image\" alt=\"Fuel cell performance: metrics, measurement, and test benches\" loading=\"lazy\" srcset=\"https:\/\/ftmtechnologies.com\/wp-content\/uploads\/2026\/02\/rendimiento-pilas-combustible-300x169.jpg 300w, https:\/\/ftmtechnologies.com\/wp-content\/uploads\/2026\/02\/rendimiento-pilas-combustible.jpg 400w\" sizes=\"auto, (max-width: 300px) 100vw, 300px\" \/>\t\t\t\t\t<\/a>\n\t\t\t\t<\/div>\n\t\t\t\n\t\t\t<div class=\"hfe-post-content\">\n\t\t\t\t\t\t\t\t\t<h3 class=\"hfe-post-title\">\n\t\t\t\t\t\t<a href=\"https:\/\/ftmtechnologies.com\/en\/blog\/fuel-cell-performance-test-bench\/\" rel=\"bookmark\">\n\t\t\t\t\t\t\tFuel cell performance: metrics, measurement, and test benches\t\t\t\t\t\t<\/a>\n\t\t\t\t\t<\/h3>\n\t\t\t\t\n\t\t\t\t\t\t\t\t\t<div class=\"hfe-post-meta\">\n\t\t\t\t\t\t\t\t\t\t\t<\/div>\n\t\t\t\t\n\t\t\t\t\t\t\t\t\t<div class=\"hfe-post-excerpt\">\n\t\t\t\t\t\tFuel cell performance: metrics, measurement, and test benches The study of fuel cell performance has become a strategic focus for [&hellip;]\t\t\t\t\t<\/div>\n\t\t\t\t\n\t\t\t\t\t\t\t\t\t<a href=\"https:\/\/ftmtechnologies.com\/en\/blog\/fuel-cell-performance-test-bench\/\" class=\"hfe-read-more\" rel=\"bookmark\">\n\t\t\t\t\t\tLeer m\u00e1s \u2192\t\t\t\t\t<\/a>\n\t\t\t\t\t\t\t<\/div>\n\t\t<\/article>\n\t\t\t\t<article class=\"hfe-post-card\">\n\t\t\t\t\t\t\t<div class=\"hfe-post-image\">\n\t\t\t\t\t<a href=\"https:\/\/ftmtechnologies.com\/en\/blog\/battery-testing-chambers-operation\/\" rel=\"bookmark\">\n\t\t\t\t\t\t<img loading=\"lazy\" decoding=\"async\" width=\"300\" height=\"169\" src=\"https:\/\/ftmtechnologies.com\/wp-content\/uploads\/2026\/02\/camara-prueba-bateria-300x169.jpg\" class=\"attachment-medium size-medium wp-post-image\" alt=\"C\u00e1maras de prueba de bater\u00edas: cu\u00e1l es su principio de funcionamiento\" loading=\"lazy\" srcset=\"https:\/\/ftmtechnologies.com\/wp-content\/uploads\/2026\/02\/camara-prueba-bateria-300x169.jpg 300w, https:\/\/ftmtechnologies.com\/wp-content\/uploads\/2026\/02\/camara-prueba-bateria.jpg 400w\" sizes=\"auto, (max-width: 300px) 100vw, 300px\" \/>\t\t\t\t\t<\/a>\n\t\t\t\t<\/div>\n\t\t\t\n\t\t\t<div class=\"hfe-post-content\">\n\t\t\t\t\t\t\t\t\t<h3 class=\"hfe-post-title\">\n\t\t\t\t\t\t<a href=\"https:\/\/ftmtechnologies.com\/en\/blog\/battery-testing-chambers-operation\/\" rel=\"bookmark\">\n\t\t\t\t\t\t\tC\u00e1maras de prueba de bater\u00edas: cu\u00e1l es su principio de funcionamiento\t\t\t\t\t\t<\/a>\n\t\t\t\t\t<\/h3>\n\t\t\t\t\n\t\t\t\t\t\t\t\t\t<div class=\"hfe-post-meta\">\n\t\t\t\t\t\t\t\t\t\t\t<\/div>\n\t\t\t\t\n\t\t\t\t\t\t\t\t\t<div class=\"hfe-post-excerpt\">\n\t\t\t\t\t\tBattery testing chambers: what is their operating principle? These chambers subject batteries to thermal stress cycles, overcharge conditions, and short [&hellip;]\t\t\t\t\t<\/div>\n\t\t\t\t\n\t\t\t\t\t\t\t\t\t<a href=\"https:\/\/ftmtechnologies.com\/en\/blog\/battery-testing-chambers-operation\/\" class=\"hfe-read-more\" rel=\"bookmark\">\n\t\t\t\t\t\tLeer m\u00e1s \u2192\t\t\t\t\t<\/a>\n\t\t\t\t\t\t\t<\/div>\n\t\t<\/article>\n\t\t\t\t<article class=\"hfe-post-card\">\n\t\t\t\t\t\t\t<div class=\"hfe-post-image\">\n\t\t\t\t\t<a href=\"https:\/\/ftmtechnologies.com\/en\/blog\/air-handling-unit-ahu-operation\/\" rel=\"bookmark\">\n\t\t\t\t\t\t<img loading=\"lazy\" decoding=\"async\" width=\"300\" height=\"169\" src=\"https:\/\/ftmtechnologies.com\/wp-content\/uploads\/2026\/02\/funcionamiento-unidad-tratamiento-aire-UTA-300x169.jpg\" class=\"attachment-medium size-medium wp-post-image\" alt=\"How an Air Handling Unit (AHU) Works\" loading=\"lazy\" srcset=\"https:\/\/ftmtechnologies.com\/wp-content\/uploads\/2026\/02\/funcionamiento-unidad-tratamiento-aire-UTA-300x169.jpg 300w, https:\/\/ftmtechnologies.com\/wp-content\/uploads\/2026\/02\/funcionamiento-unidad-tratamiento-aire-UTA.jpg 400w\" sizes=\"auto, (max-width: 300px) 100vw, 300px\" \/>\t\t\t\t\t<\/a>\n\t\t\t\t<\/div>\n\t\t\t\n\t\t\t<div class=\"hfe-post-content\">\n\t\t\t\t\t\t\t\t\t<h3 class=\"hfe-post-title\">\n\t\t\t\t\t\t<a href=\"https:\/\/ftmtechnologies.com\/en\/blog\/air-handling-unit-ahu-operation\/\" rel=\"bookmark\">\n\t\t\t\t\t\t\tHow an Air Handling Unit (AHU) Works\t\t\t\t\t\t<\/a>\n\t\t\t\t\t<\/h3>\n\t\t\t\t\n\t\t\t\t\t\t\t\t\t<div class=\"hfe-post-meta\">\n\t\t\t\t\t\t\t\t\t\t\t<\/div>\n\t\t\t\t\n\t\t\t\t\t\t\t\t\t<div class=\"hfe-post-excerpt\">\n\t\t\t\t\t\tHow an Air Handling Unit (AHU) Works how an Air Handling Unit (AHU) operates iUnderstanding s essential for anyone involved [&hellip;]\t\t\t\t\t<\/div>\n\t\t\t\t\n\t\t\t\t\t\t\t\t\t<a href=\"https:\/\/ftmtechnologies.com\/en\/blog\/air-handling-unit-ahu-operation\/\" class=\"hfe-read-more\" rel=\"bookmark\">\n\t\t\t\t\t\tLeer m\u00e1s \u2192\t\t\t\t\t<\/a>\n\t\t\t\t\t\t\t<\/div>\n\t\t<\/article>\n\t\t\t\t<article class=\"hfe-post-card\">\n\t\t\t\t\t\t\t<div class=\"hfe-post-image\">\n\t\t\t\t\t<a href=\"https:\/\/ftmtechnologies.com\/en\/blog\/what-is-computational-fluid-dynamics\/\" rel=\"bookmark\">\n\t\t\t\t\t\t<img loading=\"lazy\" decoding=\"async\" width=\"300\" height=\"169\" src=\"https:\/\/ftmtechnologies.com\/wp-content\/uploads\/2026\/01\/que-es-la-dinamica-de-fluidos-computacional-300x169.jpg\" class=\"attachment-medium size-medium wp-post-image\" alt=\"What is Computational Fluid Dynamics (CFD)?\" loading=\"lazy\" srcset=\"https:\/\/ftmtechnologies.com\/wp-content\/uploads\/2026\/01\/que-es-la-dinamica-de-fluidos-computacional-300x169.jpg 300w, https:\/\/ftmtechnologies.com\/wp-content\/uploads\/2026\/01\/que-es-la-dinamica-de-fluidos-computacional.jpg 400w\" sizes=\"auto, (max-width: 300px) 100vw, 300px\" \/>\t\t\t\t\t<\/a>\n\t\t\t\t<\/div>\n\t\t\t\n\t\t\t<div class=\"hfe-post-content\">\n\t\t\t\t\t\t\t\t\t<h3 class=\"hfe-post-title\">\n\t\t\t\t\t\t<a href=\"https:\/\/ftmtechnologies.com\/en\/blog\/what-is-computational-fluid-dynamics\/\" rel=\"bookmark\">\n\t\t\t\t\t\t\tWhat is Computational Fluid Dynamics (CFD)?\t\t\t\t\t\t<\/a>\n\t\t\t\t\t<\/h3>\n\t\t\t\t\n\t\t\t\t\t\t\t\t\t<div class=\"hfe-post-meta\">\n\t\t\t\t\t\t\t\t\t\t\t<\/div>\n\t\t\t\t\n\t\t\t\t\t\t\t\t\t<div class=\"hfe-post-excerpt\">\n\t\t\t\t\t\tWhat is Computational Fluid Dynamics (CFD)? In modern engineering, the ability to predict fluid behavior without relying on costly physical [&hellip;]\t\t\t\t\t<\/div>\n\t\t\t\t\n\t\t\t\t\t\t\t\t\t<a href=\"https:\/\/ftmtechnologies.com\/en\/blog\/what-is-computational-fluid-dynamics\/\" class=\"hfe-read-more\" rel=\"bookmark\">\n\t\t\t\t\t\tLeer m\u00e1s \u2192\t\t\t\t\t<\/a>\n\t\t\t\t\t\t\t<\/div>\n\t\t<\/article>\n\t\t\t\t<article class=\"hfe-post-card\">\n\t\t\t\t\t\t\t<div class=\"hfe-post-image\">\n\t\t\t\t\t<a href=\"https:\/\/ftmtechnologies.com\/en\/blog\/how-a-wind-tunnel-works\/\" rel=\"bookmark\">\n\t\t\t\t\t\t<img loading=\"lazy\" decoding=\"async\" width=\"300\" height=\"169\" src=\"https:\/\/ftmtechnologies.com\/wp-content\/uploads\/2026\/01\/funcionamiento-de-un-tunel-de-viento-300x169.jpg\" class=\"attachment-medium size-medium wp-post-image\" alt=\"How a wind tunnel works\" loading=\"lazy\" srcset=\"https:\/\/ftmtechnologies.com\/wp-content\/uploads\/2026\/01\/funcionamiento-de-un-tunel-de-viento-300x169.jpg 300w, https:\/\/ftmtechnologies.com\/wp-content\/uploads\/2026\/01\/funcionamiento-de-un-tunel-de-viento.jpg 400w\" sizes=\"auto, (max-width: 300px) 100vw, 300px\" \/>\t\t\t\t\t<\/a>\n\t\t\t\t<\/div>\n\t\t\t\n\t\t\t<div class=\"hfe-post-content\">\n\t\t\t\t\t\t\t\t\t<h3 class=\"hfe-post-title\">\n\t\t\t\t\t\t<a href=\"https:\/\/ftmtechnologies.com\/en\/blog\/how-a-wind-tunnel-works\/\" rel=\"bookmark\">\n\t\t\t\t\t\t\tHow a wind tunnel works\t\t\t\t\t\t<\/a>\n\t\t\t\t\t<\/h3>\n\t\t\t\t\n\t\t\t\t\t\t\t\t\t<div class=\"hfe-post-meta\">\n\t\t\t\t\t\t\t\t\t\t\t<\/div>\n\t\t\t\t\n\t\t\t\t\t\t\t\t\t<div class=\"hfe-post-excerpt\">\n\t\t\t\t\t\tHow a wind tunnel works: how air is accurately simulated Wind is one of the most studied natural forces in [&hellip;]\t\t\t\t\t<\/div>\n\t\t\t\t\n\t\t\t\t\t\t\t\t\t<a href=\"https:\/\/ftmtechnologies.com\/en\/blog\/how-a-wind-tunnel-works\/\" class=\"hfe-read-more\" rel=\"bookmark\">\n\t\t\t\t\t\tLeer m\u00e1s \u2192\t\t\t\t\t<\/a>\n\t\t\t\t\t\t\t<\/div>\n\t\t<\/article>\n\t\t\t\t<article class=\"hfe-post-card\">\n\t\t\t\t\t\t\t<div class=\"hfe-post-image\">\n\t\t\t\t\t<a href=\"https:\/\/ftmtechnologies.com\/en\/blog\/types-of-wind-tunnels\/\" rel=\"bookmark\">\n\t\t\t\t\t\t<img loading=\"lazy\" decoding=\"async\" width=\"300\" height=\"169\" src=\"https:\/\/ftmtechnologies.com\/wp-content\/uploads\/2026\/01\/tipos-de-tuneles-de-viento-300x169.jpg\" class=\"attachment-medium size-medium wp-post-image\" alt=\"Types of wind tunnels\" loading=\"lazy\" srcset=\"https:\/\/ftmtechnologies.com\/wp-content\/uploads\/2026\/01\/tipos-de-tuneles-de-viento-300x169.jpg 300w, https:\/\/ftmtechnologies.com\/wp-content\/uploads\/2026\/01\/tipos-de-tuneles-de-viento.jpg 400w\" sizes=\"auto, (max-width: 300px) 100vw, 300px\" \/>\t\t\t\t\t<\/a>\n\t\t\t\t<\/div>\n\t\t\t\n\t\t\t<div class=\"hfe-post-content\">\n\t\t\t\t\t\t\t\t\t<h3 class=\"hfe-post-title\">\n\t\t\t\t\t\t<a href=\"https:\/\/ftmtechnologies.com\/en\/blog\/types-of-wind-tunnels\/\" rel=\"bookmark\">\n\t\t\t\t\t\t\tTypes of wind tunnels\t\t\t\t\t\t<\/a>\n\t\t\t\t\t<\/h3>\n\t\t\t\t\n\t\t\t\t\t\t\t\t\t<div class=\"hfe-post-meta\">\n\t\t\t\t\t\t\t\t\t\t\t<\/div>\n\t\t\t\t\n\t\t\t\t\t\t\t\t\t<div class=\"hfe-post-excerpt\">\n\t\t\t\t\t\tTypes of wind tunnels: classification, uses, and key differences In the field of engineering and aerodynamics, wind tunnels are facilities [&hellip;]\t\t\t\t\t<\/div>\n\t\t\t\t\n\t\t\t\t\t\t\t\t\t<a href=\"https:\/\/ftmtechnologies.com\/en\/blog\/types-of-wind-tunnels\/\" class=\"hfe-read-more\" rel=\"bookmark\">\n\t\t\t\t\t\tLeer m\u00e1s \u2192\t\t\t\t\t<\/a>\n\t\t\t\t\t\t\t<\/div>\n\t\t<\/article>\n\t\t<\/div>\n\t\t\t\t<\/div>\n\t\t\t\t<\/div>\n\t\t\t\t\t<\/div>\n\t\t\t\t<\/div>\n\t\t\t\t<\/div>\n\t\t","protected":false},"excerpt":{"rendered":"<p>BLOG PERTE VEC-020400-2022-63 Leer m\u00e1s \u2192 Simulaci\u00f3n de condiciones ambientales en prueba de motores de combusti\u00f3n | FTM Si te [&hellip;]<\/p>\n","protected":false},"author":2,"featured_media":0,"parent":0,"menu_order":0,"comment_status":"closed","ping_status":"closed","template":"elementor_canvas","meta":{"site-sidebar-layout":"no-sidebar","site-content-layout":"","ast-site-content-layout":"full-width-container","site-content-style":"default","site-sidebar-style":"default","ast-global-header-display":"","ast-banner-title-visibility":"","ast-main-header-display":"","ast-hfb-above-header-display":"","ast-hfb-below-header-display":"","ast-hfb-mobile-header-display":"","site-post-title":"","ast-breadcrumbs-content":"","ast-featured-img":"disabled","footer-sml-layout":"","ast-disable-related-posts":"","theme-transparent-header-meta":"","adv-header-id-meta":"","stick-header-meta":"","header-above-stick-meta":"","header-main-stick-meta":"","header-below-stick-meta":"","astra-migrate-meta-layouts":"default","ast-page-background-enabled":"default","ast-page-background-meta":{"desktop":{"background-color":"var(--ast-global-color-5)","background-image":"","background-repeat":"repeat","background-position":"center center","background-size":"auto","background-attachment":"scroll","background-type":"","background-media":"","overlay-type":"","overlay-color":"","overlay-opacity":"","overlay-gradient":""},"tablet":{"background-color":"","background-image":"","background-repeat":"repeat","background-position":"center center","background-size":"auto","background-attachment":"scroll","background-type":"","background-media":"","overlay-type":"","overlay-color":"","overlay-opacity":"","overlay-gradient":""},"mobile":{"background-color":"","background-image":"","background-repeat":"repeat","background-position":"center center","background-size":"auto","background-attachment":"scroll","background-type":"","background-media":"","overlay-type":"","overlay-color":"","overlay-opacity":"","overlay-gradient":""}},"ast-content-background-meta":{"desktop":{"background-color":"var(--ast-global-color-4)","background-image":"","background-repeat":"repeat","background-position":"center center","background-size":"auto","background-attachment":"scroll","background-type":"","background-media":"","overlay-type":"","overlay-color":"","overlay-opacity":"","overlay-gradient":""},"tablet":{"background-color":"var(--ast-global-color-4)","background-image":"","background-repeat":"repeat","background-position":"center center","background-size":"auto","background-attachment":"scroll","background-type":"","background-media":"","overlay-type":"","overlay-color":"","overlay-opacity":"","overlay-gradient":""},"mobile":{"background-color":"var(--ast-global-color-4)","background-image":"","background-repeat":"repeat","background-position":"center center","background-size":"auto","background-attachment":"scroll","background-type":"","background-media":"","overlay-type":"","overlay-color":"","overlay-opacity":"","overlay-gradient":""}},"footnotes":""},"class_list":["post-709","page","type-page","status-publish","hentry"],"_links":{"self":[{"href":"https:\/\/ftmtechnologies.com\/en\/wp-json\/wp\/v2\/pages\/709","targetHints":{"allow":["GET"]}}],"collection":[{"href":"https:\/\/ftmtechnologies.com\/en\/wp-json\/wp\/v2\/pages"}],"about":[{"href":"https:\/\/ftmtechnologies.com\/en\/wp-json\/wp\/v2\/types\/page"}],"author":[{"embeddable":true,"href":"https:\/\/ftmtechnologies.com\/en\/wp-json\/wp\/v2\/users\/2"}],"replies":[{"embeddable":true,"href":"https:\/\/ftmtechnologies.com\/en\/wp-json\/wp\/v2\/comments?post=709"}],"version-history":[{"count":3,"href":"https:\/\/ftmtechnologies.com\/en\/wp-json\/wp\/v2\/pages\/709\/revisions"}],"predecessor-version":[{"id":712,"href":"https:\/\/ftmtechnologies.com\/en\/wp-json\/wp\/v2\/pages\/709\/revisions\/712"}],"wp:attachment":[{"href":"https:\/\/ftmtechnologies.com\/en\/wp-json\/wp\/v2\/media?parent=709"}],"curies":[{"name":"wp","href":"https:\/\/api.w.org\/{rel}","templated":true}]}}